{"id":431,"date":"2019-04-10T07:57:06","date_gmt":"2019-04-10T07:57:06","guid":{"rendered":"http:\/\/www.parkourbilbao.com\/?page_id=431"},"modified":"2020-09-08T11:27:33","modified_gmt":"2020-09-08T11:27:33","slug":"entrenamientos-guiados","status":"publish","type":"page","link":"http:\/\/www.parkourbilbao.com\/?page_id=431","title":{"rendered":"Acondicionamiento F\u00edsico"},"content":{"rendered":"\t\t<div data-elementor-type=\"wp-post\" data-elementor-id=\"431\" class=\"elementor elementor-431\">\n\t\t\t\t\t\t\t\t\t<section class=\"elementor-section elementor-top-section elementor-element elementor-element-532c465 elementor-section-boxed elementor-section-height-default elementor-section-height-default\" data-id=\"532c465\" data-element_type=\"section\">\n\t\t\t\t\t\t<div class=\"elementor-container elementor-column-gap-default\">\n\t\t\t\t\t<div class=\"elementor-column elementor-col-100 elementor-top-column elementor-element elementor-element-32ebfa8a\" data-id=\"32ebfa8a\" data-element_type=\"column\">\n\t\t\t<div class=\"elementor-widget-wrap elementor-element-populated\">\n\t\t\t\t\t\t\t\t<div class=\"elementor-element elementor-element-5c458839 elementor-widget elementor-widget-text-editor\" data-id=\"5c458839\" data-element_type=\"widget\" data-widget_type=\"text-editor.default\">\n\t\t\t\t<div class=\"elementor-widget-container\">\n\t\t\t\t\t\t\t<p><!-- wp:paragraph --><\/p>\n<p style=\"text-align: center;\"><strong>Entrenamientos<\/strong> pensados para trabajar <strong>cada semana<\/strong> las habilidades motoras b\u00e1sicas (resistencia, fuerza, velocidad y flexibilidad), as\u00ed como coordinaci\u00f3n corporal, agilidad, equilibrio y precisi\u00f3n, de manera espec\u00edfica y adaptada por completo al Parkour.<\/p>\n<p><!-- \/wp:paragraph --><\/p>\t\t\t\t\t\t<\/div>\n\t\t\t\t<\/div>\n\t\t\t\t\t<\/div>\n\t\t<\/div>\n\t\t\t\t\t\t\t<\/div>\n\t\t<\/section>\n\t\t\t\t<section class=\"elementor-section elementor-top-section elementor-element elementor-element-e5891f4 elementor-section-boxed elementor-section-height-default elementor-section-height-default\" data-id=\"e5891f4\" data-element_type=\"section\">\n\t\t\t\t\t\t<div class=\"elementor-container elementor-column-gap-default\">\n\t\t\t\t\t<div class=\"elementor-column elementor-col-100 elementor-top-column elementor-element elementor-element-cd62933\" data-id=\"cd62933\" data-element_type=\"column\">\n\t\t\t<div class=\"elementor-widget-wrap elementor-element-populated\">\n\t\t\t\t\t\t\t\t<div class=\"elementor-element elementor-element-8106fd5 elementor-widget elementor-widget-image\" data-id=\"8106fd5\" data-element_type=\"widget\" data-widget_type=\"image.default\">\n\t\t\t\t<div class=\"elementor-widget-container\">\n\t\t\t\t\t\t\t\t\t\t\t\t\t\t\t<img decoding=\"async\" loading=\"lazy\" width=\"720\" height=\"300\" src=\"http:\/\/www.parkourbilbao.com\/wp-content\/uploads\/2019\/09\/entrenamientos.jpg\" class=\"attachment-large size-large wp-image-495\" alt=\"\" srcset=\"http:\/\/www.parkourbilbao.com\/wp-content\/uploads\/2019\/09\/entrenamientos.jpg 720w, http:\/\/www.parkourbilbao.com\/wp-content\/uploads\/2019\/09\/entrenamientos-300x125.jpg 300w, http:\/\/www.parkourbilbao.com\/wp-content\/uploads\/2019\/09\/entrenamientos-144x60.jpg 144w, http:\/\/www.parkourbilbao.com\/wp-content\/uploads\/2019\/09\/entrenamientos-600x250.jpg 600w\" sizes=\"(max-width: 720px) 100vw, 720px\" \/>\t\t\t\t\t\t\t\t\t\t\t\t\t\t\t<\/div>\n\t\t\t\t<\/div>\n\t\t\t\t\t<\/div>\n\t\t<\/div>\n\t\t\t\t\t\t\t<\/div>\n\t\t<\/section>\n\t\t\t\t<section class=\"elementor-section elementor-top-section elementor-element elementor-element-57e6beb elementor-section-content-middle elementor-section-boxed elementor-section-height-default elementor-section-height-default\" data-id=\"57e6beb\" data-element_type=\"section\">\n\t\t\t\t\t\t<div class=\"elementor-container elementor-column-gap-no\">\n\t\t\t\t\t<div class=\"elementor-column elementor-col-50 elementor-top-column elementor-element elementor-element-1387e12e\" data-id=\"1387e12e\" data-element_type=\"column\">\n\t\t\t<div class=\"elementor-widget-wrap elementor-element-populated\">\n\t\t\t\t\t\t\t\t<div class=\"elementor-element elementor-element-622d8d11 elementor-widget elementor-widget-heading\" data-id=\"622d8d11\" data-element_type=\"widget\" data-widget_type=\"heading.default\">\n\t\t\t\t<div class=\"elementor-widget-container\">\n\t\t\t<h5 class=\"elementor-heading-title elementor-size-default\">Contacto<\/h5>\t\t<\/div>\n\t\t\t\t<\/div>\n\t\t\t\t<div class=\"elementor-element elementor-element-4806afbe elementor-widget elementor-widget-heading\" data-id=\"4806afbe\" data-element_type=\"widget\" data-widget_type=\"heading.default\">\n\t\t\t\t<div class=\"elementor-widget-container\">\n\t\t\t<h4 class=\"elementor-heading-title elementor-size-default\">Si quieres unirte, escr\u00edbenos a<\/h4>\t\t<\/div>\n\t\t\t\t<\/div>\n\t\t\t\t<div class=\"elementor-element elementor-element-62b9653d elementor-widget elementor-widget-heading\" data-id=\"62b9653d\" data-element_type=\"widget\" data-widget_type=\"heading.default\">\n\t\t\t\t<div class=\"elementor-widget-container\">\n\t\t\t<h4 class=\"elementor-heading-title elementor-size-default\">parkourbilbao@gmail.com<\/h4>\t\t<\/div>\n\t\t\t\t<\/div>\n\t\t\t\t\t<\/div>\n\t\t<\/div>\n\t\t\t\t<div class=\"elementor-column elementor-col-50 elementor-top-column elementor-element elementor-element-59592f67\" data-id=\"59592f67\" data-element_type=\"column\">\n\t\t\t<div class=\"elementor-widget-wrap elementor-element-populated\">\n\t\t\t\t\t\t\t\t<div class=\"elementor-element elementor-element-182418d9 elementor-widget elementor-widget-google_maps\" data-id=\"182418d9\" data-element_type=\"widget\" data-widget_type=\"google_maps.default\">\n\t\t\t\t<div class=\"elementor-widget-container\">\n\t\t\t\t\t<div class=\"elementor-custom-embed\">\n\t\t\t<iframe loading=\"lazy\"\n\t\t\t\t\tsrc=\"https:\/\/maps.google.com\/maps?q=parque%20de%20sarriko&#038;t=m&#038;z=18&#038;output=embed&#038;iwloc=near\"\n\t\t\t\t\ttitle=\"parque de sarriko\"\n\t\t\t\t\taria-label=\"parque de sarriko\"\n\t\t\t><\/iframe>\n\t\t<\/div>\n\t\t\t\t<\/div>\n\t\t\t\t<\/div>\n\t\t\t\t\t<\/div>\n\t\t<\/div>\n\t\t\t\t\t\t\t<\/div>\n\t\t<\/section>\n\t\t\t\t\t\t\t<\/div>\n\t\t","protected":false},"excerpt":{"rendered":"<p>Entrenamientos pensados para trabajar cada semana las habilidades motoras b\u00e1sicas (resistencia, fuerza, velocidad y flexibilidad), as\u00ed como coordinaci\u00f3n corporal, agilidad, equilibrio y precisi\u00f3n, de manera espec\u00edfica y adaptada por completo al Parkour. Contacto Si quieres unirte, escr\u00edbenos a parkourbilbao@gmail.com<\/p>\n","protected":false},"author":1,"featured_media":0,"parent":0,"menu_order":0,"comment_status":"closed","ping_status":"closed","template":"","meta":{"footnotes":""},"_links":{"self":[{"href":"http:\/\/www.parkourbilbao.com\/index.php?rest_route=\/wp\/v2\/pages\/431"}],"collection":[{"href":"http:\/\/www.parkourbilbao.com\/index.php?rest_route=\/wp\/v2\/pages"}],"about":[{"href":"http:\/\/www.parkourbilbao.com\/index.php?rest_route=\/wp\/v2\/types\/page"}],"author":[{"embeddable":true,"href":"http:\/\/www.parkourbilbao.com\/index.php?rest_route=\/wp\/v2\/users\/1"}],"replies":[{"embeddable":true,"href":"http:\/\/www.parkourbilbao.com\/index.php?rest_route=%2Fwp%2Fv2%2Fcomments&post=431"}],"version-history":[{"count":5,"href":"http:\/\/www.parkourbilbao.com\/index.php?rest_route=\/wp\/v2\/pages\/431\/revisions"}],"predecessor-version":[{"id":759,"href":"http:\/\/www.parkourbilbao.com\/index.php?rest_route=\/wp\/v2\/pages\/431\/revisions\/759"}],"wp:attachment":[{"href":"http:\/\/www.parkourbilbao.com\/index.php?rest_route=%2Fwp%2Fv2%2Fmedia&parent=431"}],"curies":[{"name":"wp","href":"https:\/\/api.w.org\/{rel}","templated":true}]}}