{"id":398,"date":"2019-04-04T08:15:13","date_gmt":"2019-04-04T08:15:13","guid":{"rendered":"http:\/\/www.parkourbilbao.com\/?page_id=398"},"modified":"2019-07-02T15:37:45","modified_gmt":"2019-07-02T15:37:45","slug":"demostraciones-y-exhibiciones","status":"publish","type":"page","link":"http:\/\/www.parkourbilbao.com\/?page_id=398","title":{"rendered":"Demostraciones y Exhibiciones"},"content":{"rendered":"\t\t<div data-elementor-type=\"wp-post\" data-elementor-id=\"398\" class=\"elementor elementor-398\">\n\t\t\t\t\t\t\t\t\t<section class=\"elementor-section elementor-top-section elementor-element elementor-element-a487b87 elementor-section-boxed elementor-section-height-default elementor-section-height-default\" data-id=\"a487b87\" data-element_type=\"section\">\n\t\t\t\t\t\t<div class=\"elementor-container elementor-column-gap-default\">\n\t\t\t\t\t<div class=\"elementor-column elementor-col-100 elementor-top-column elementor-element elementor-element-c896f25\" data-id=\"c896f25\" data-element_type=\"column\">\n\t\t\t<div class=\"elementor-widget-wrap elementor-element-populated\">\n\t\t\t\t\t\t\t\t<div class=\"elementor-element elementor-element-4ae88c4 elementor-widget elementor-widget-text-editor\" data-id=\"4ae88c4\" data-element_type=\"widget\" data-widget_type=\"text-editor.default\">\n\t\t\t\t<div class=\"elementor-widget-container\">\n\t\t\t\t\t\t\t<p style=\"text-align: center;\">Actuaci\u00f3n grupal donde practicantes de hasta 10 a\u00f1os de experiencia en Parkour y acrobacias mostrar\u00e1n sus habilidades. La actividad cuenta con un m\u00ednimo de 3 practicantes que realizar\u00e1n un m\u00e1ximo de 2 salidas de 3-4 minutos de duraci\u00f3n (con posibilidad de adaptaci\u00f3n a otras propuestas).<\/p>\t\t\t\t\t\t<\/div>\n\t\t\t\t<\/div>\n\t\t\t\t\t<\/div>\n\t\t<\/div>\n\t\t\t\t\t\t\t<\/div>\n\t\t<\/section>\n\t\t\t\t<section class=\"elementor-section elementor-top-section elementor-element elementor-element-1675981 elementor-section-boxed elementor-section-height-default elementor-section-height-default\" data-id=\"1675981\" data-element_type=\"section\">\n\t\t\t\t\t\t<div class=\"elementor-container elementor-column-gap-default\">\n\t\t\t\t\t<div class=\"elementor-column elementor-col-100 elementor-top-column elementor-element elementor-element-3a73e6a\" data-id=\"3a73e6a\" data-element_type=\"column\">\n\t\t\t<div class=\"elementor-widget-wrap elementor-element-populated\">\n\t\t\t\t\t\t\t\t<div class=\"elementor-element elementor-element-d06c03f elementor-widget elementor-widget-spacer\" data-id=\"d06c03f\" data-element_type=\"widget\" data-widget_type=\"spacer.default\">\n\t\t\t\t<div class=\"elementor-widget-container\">\n\t\t\t\t\t<div class=\"elementor-spacer\">\n\t\t\t<div class=\"elementor-spacer-inner\"><\/div>\n\t\t<\/div>\n\t\t\t\t<\/div>\n\t\t\t\t<\/div>\n\t\t\t\t\t<\/div>\n\t\t<\/div>\n\t\t\t\t\t\t\t<\/div>\n\t\t<\/section>\n\t\t\t\t<section class=\"elementor-section elementor-top-section elementor-element elementor-element-0bcfd79 elementor-section-boxed elementor-section-height-default elementor-section-height-default\" data-id=\"0bcfd79\" data-element_type=\"section\">\n\t\t\t\t\t\t<div class=\"elementor-container elementor-column-gap-default\">\n\t\t\t\t\t<div class=\"elementor-column elementor-col-33 elementor-top-column elementor-element elementor-element-053a3ac\" data-id=\"053a3ac\" data-element_type=\"column\">\n\t\t\t<div class=\"elementor-widget-wrap elementor-element-populated\">\n\t\t\t\t\t\t\t\t<div class=\"elementor-element elementor-element-54e84f0 elementor-widget elementor-widget-text-editor\" data-id=\"54e84f0\" data-element_type=\"widget\" data-widget_type=\"text-editor.default\">\n\t\t\t\t<div class=\"elementor-widget-container\">\n\t\t\t\t\t\t\t\t\t\t\t\t\t<\/div>\n\t\t\t\t<\/div>\n\t\t\t\t<div class=\"elementor-element elementor-element-9daaf4a elementor-widget elementor-widget-image\" data-id=\"9daaf4a\" data-element_type=\"widget\" data-widget_type=\"image.default\">\n\t\t\t\t<div class=\"elementor-widget-container\">\n\t\t\t\t\t\t\t\t\t\t\t\t\t\t\t<img decoding=\"async\" loading=\"lazy\" width=\"770\" height=\"638\" src=\"http:\/\/www.parkourbilbao.com\/wp-content\/uploads\/2019\/04\/WhatsApp-Image-2019-03-28-at-18.04.33-1-1024x849.jpeg\" class=\"elementor-animation-grow attachment-large size-large wp-image-414\" alt=\"\" srcset=\"http:\/\/www.parkourbilbao.com\/wp-content\/uploads\/2019\/04\/WhatsApp-Image-2019-03-28-at-18.04.33-1-1024x849.jpeg 1024w, http:\/\/www.parkourbilbao.com\/wp-content\/uploads\/2019\/04\/WhatsApp-Image-2019-03-28-at-18.04.33-1-300x249.jpeg 300w, http:\/\/www.parkourbilbao.com\/wp-content\/uploads\/2019\/04\/WhatsApp-Image-2019-03-28-at-18.04.33-1-768x637.jpeg 768w, http:\/\/www.parkourbilbao.com\/wp-content\/uploads\/2019\/04\/WhatsApp-Image-2019-03-28-at-18.04.33-1-72x60.jpeg 72w, http:\/\/www.parkourbilbao.com\/wp-content\/uploads\/2019\/04\/WhatsApp-Image-2019-03-28-at-18.04.33-1-600x498.jpeg 600w, http:\/\/www.parkourbilbao.com\/wp-content\/uploads\/2019\/04\/WhatsApp-Image-2019-03-28-at-18.04.33-1.jpeg 1600w\" sizes=\"(max-width: 770px) 100vw, 770px\" \/>\t\t\t\t\t\t\t\t\t\t\t\t\t\t\t<\/div>\n\t\t\t\t<\/div>\n\t\t\t\t\t<\/div>\n\t\t<\/div>\n\t\t\t\t<div class=\"elementor-column elementor-col-33 elementor-top-column elementor-element elementor-element-b48af79\" data-id=\"b48af79\" data-element_type=\"column\">\n\t\t\t<div class=\"elementor-widget-wrap elementor-element-populated\">\n\t\t\t\t\t\t\t\t<div class=\"elementor-element elementor-element-d327c9c elementor-widget elementor-widget-image\" data-id=\"d327c9c\" data-element_type=\"widget\" data-widget_type=\"image.default\">\n\t\t\t\t<div class=\"elementor-widget-container\">\n\t\t\t\t\t\t\t\t\t\t\t\t<figure class=\"wp-caption\">\n\t\t\t\t\t\t\t\t\t\t<img decoding=\"async\" loading=\"lazy\" width=\"770\" height=\"770\" src=\"http:\/\/www.parkourbilbao.com\/wp-content\/uploads\/2019\/04\/WhatsApp-Image-2019-03-28-at-18.04.33-1024x1024.jpeg\" class=\"elementor-animation-grow attachment-large size-large wp-image-415\" alt=\"\" srcset=\"http:\/\/www.parkourbilbao.com\/wp-content\/uploads\/2019\/04\/WhatsApp-Image-2019-03-28-at-18.04.33-1024x1024.jpeg 1024w, http:\/\/www.parkourbilbao.com\/wp-content\/uploads\/2019\/04\/WhatsApp-Image-2019-03-28-at-18.04.33-150x150.jpeg 150w, http:\/\/www.parkourbilbao.com\/wp-content\/uploads\/2019\/04\/WhatsApp-Image-2019-03-28-at-18.04.33-300x300.jpeg 300w, http:\/\/www.parkourbilbao.com\/wp-content\/uploads\/2019\/04\/WhatsApp-Image-2019-03-28-at-18.04.33-768x768.jpeg 768w, http:\/\/www.parkourbilbao.com\/wp-content\/uploads\/2019\/04\/WhatsApp-Image-2019-03-28-at-18.04.33-370x370.jpeg 370w, http:\/\/www.parkourbilbao.com\/wp-content\/uploads\/2019\/04\/WhatsApp-Image-2019-03-28-at-18.04.33-60x60.jpeg 60w, http:\/\/www.parkourbilbao.com\/wp-content\/uploads\/2019\/04\/WhatsApp-Image-2019-03-28-at-18.04.33-600x600.jpeg 600w, http:\/\/www.parkourbilbao.com\/wp-content\/uploads\/2019\/04\/WhatsApp-Image-2019-03-28-at-18.04.33-100x100.jpeg 100w, http:\/\/www.parkourbilbao.com\/wp-content\/uploads\/2019\/04\/WhatsApp-Image-2019-03-28-at-18.04.33.jpeg 1600w\" sizes=\"(max-width: 770px) 100vw, 770px\" \/>\t\t\t\t\t\t\t\t\t\t\t<figcaption class=\"widget-image-caption wp-caption-text\"><\/figcaption>\n\t\t\t\t\t\t\t\t\t\t<\/figure>\n\t\t\t\t\t\t\t\t\t<\/div>\n\t\t\t\t<\/div>\n\t\t\t\t<div class=\"elementor-element elementor-element-cda0df4 elementor-widget elementor-widget-text-editor\" data-id=\"cda0df4\" data-element_type=\"widget\" data-widget_type=\"text-editor.default\">\n\t\t\t\t<div class=\"elementor-widget-container\">\n\t\t\t\t\t\t\t\t\t\t\t\t\t<\/div>\n\t\t\t\t<\/div>\n\t\t\t\t\t<\/div>\n\t\t<\/div>\n\t\t\t\t<div class=\"elementor-column elementor-col-33 elementor-top-column elementor-element elementor-element-743a2b8\" data-id=\"743a2b8\" data-element_type=\"column\">\n\t\t\t<div class=\"elementor-widget-wrap elementor-element-populated\">\n\t\t\t\t\t\t\t\t<div class=\"elementor-element elementor-element-2f395b1 elementor-widget elementor-widget-text-editor\" data-id=\"2f395b1\" data-element_type=\"widget\" data-widget_type=\"text-editor.default\">\n\t\t\t\t<div class=\"elementor-widget-container\">\n\t\t\t\t\t\t\t\t\t\t\t\t\t<\/div>\n\t\t\t\t<\/div>\n\t\t\t\t<div class=\"elementor-element elementor-element-a093928 elementor-widget elementor-widget-image\" data-id=\"a093928\" data-element_type=\"widget\" data-widget_type=\"image.default\">\n\t\t\t\t<div class=\"elementor-widget-container\">\n\t\t\t\t\t\t\t\t\t\t\t\t\t\t\t<img decoding=\"async\" loading=\"lazy\" width=\"770\" height=\"649\" src=\"http:\/\/www.parkourbilbao.com\/wp-content\/uploads\/2019\/04\/WhatsApp-Image-2019-03-28-at-18.04.33-7-1024x863.jpeg\" class=\"elementor-animation-grow attachment-large size-large wp-image-408\" alt=\"\" srcset=\"http:\/\/www.parkourbilbao.com\/wp-content\/uploads\/2019\/04\/WhatsApp-Image-2019-03-28-at-18.04.33-7-1024x863.jpeg 1024w, http:\/\/www.parkourbilbao.com\/wp-content\/uploads\/2019\/04\/WhatsApp-Image-2019-03-28-at-18.04.33-7-300x253.jpeg 300w, http:\/\/www.parkourbilbao.com\/wp-content\/uploads\/2019\/04\/WhatsApp-Image-2019-03-28-at-18.04.33-7-768x647.jpeg 768w, http:\/\/www.parkourbilbao.com\/wp-content\/uploads\/2019\/04\/WhatsApp-Image-2019-03-28-at-18.04.33-7-71x60.jpeg 71w, http:\/\/www.parkourbilbao.com\/wp-content\/uploads\/2019\/04\/WhatsApp-Image-2019-03-28-at-18.04.33-7-600x506.jpeg 600w, http:\/\/www.parkourbilbao.com\/wp-content\/uploads\/2019\/04\/WhatsApp-Image-2019-03-28-at-18.04.33-7.jpeg 1600w\" sizes=\"(max-width: 770px) 100vw, 770px\" \/>\t\t\t\t\t\t\t\t\t\t\t\t\t\t\t<\/div>\n\t\t\t\t<\/div>\n\t\t\t\t\t<\/div>\n\t\t<\/div>\n\t\t\t\t\t\t\t<\/div>\n\t\t<\/section>\n\t\t\t\t<section class=\"elementor-section elementor-top-section elementor-element elementor-element-9b5282e elementor-section-boxed elementor-section-height-default elementor-section-height-default\" data-id=\"9b5282e\" data-element_type=\"section\">\n\t\t\t\t\t\t<div class=\"elementor-container elementor-column-gap-default\">\n\t\t\t\t\t<div class=\"elementor-column elementor-col-33 elementor-top-column elementor-element elementor-element-e910993\" data-id=\"e910993\" data-element_type=\"column\">\n\t\t\t<div class=\"elementor-widget-wrap elementor-element-populated\">\n\t\t\t\t\t\t\t\t<div class=\"elementor-element elementor-element-136fa5f elementor-widget elementor-widget-text-editor\" data-id=\"136fa5f\" data-element_type=\"widget\" data-widget_type=\"text-editor.default\">\n\t\t\t\t<div class=\"elementor-widget-container\">\n\t\t\t\t\t\t\t\t\t\t\t\t\t<\/div>\n\t\t\t\t<\/div>\n\t\t\t\t<div class=\"elementor-element elementor-element-5ae70db elementor-widget elementor-widget-image\" data-id=\"5ae70db\" data-element_type=\"widget\" data-widget_type=\"image.default\">\n\t\t\t\t<div class=\"elementor-widget-container\">\n\t\t\t\t\t\t\t\t\t\t\t\t\t\t\t<img decoding=\"async\" loading=\"lazy\" width=\"770\" height=\"595\" src=\"http:\/\/www.parkourbilbao.com\/wp-content\/uploads\/2019\/04\/WhatsApp-Image-2019-03-28-at-18.04.33-3-1024x791.jpeg\" class=\"elementor-animation-grow attachment-large size-large wp-image-412\" alt=\"\" srcset=\"http:\/\/www.parkourbilbao.com\/wp-content\/uploads\/2019\/04\/WhatsApp-Image-2019-03-28-at-18.04.33-3-1024x791.jpeg 1024w, http:\/\/www.parkourbilbao.com\/wp-content\/uploads\/2019\/04\/WhatsApp-Image-2019-03-28-at-18.04.33-3-300x232.jpeg 300w, http:\/\/www.parkourbilbao.com\/wp-content\/uploads\/2019\/04\/WhatsApp-Image-2019-03-28-at-18.04.33-3-768x593.jpeg 768w, http:\/\/www.parkourbilbao.com\/wp-content\/uploads\/2019\/04\/WhatsApp-Image-2019-03-28-at-18.04.33-3-78x60.jpeg 78w, http:\/\/www.parkourbilbao.com\/wp-content\/uploads\/2019\/04\/WhatsApp-Image-2019-03-28-at-18.04.33-3-600x464.jpeg 600w, http:\/\/www.parkourbilbao.com\/wp-content\/uploads\/2019\/04\/WhatsApp-Image-2019-03-28-at-18.04.33-3.jpeg 1600w\" sizes=\"(max-width: 770px) 100vw, 770px\" \/>\t\t\t\t\t\t\t\t\t\t\t\t\t\t\t<\/div>\n\t\t\t\t<\/div>\n\t\t\t\t\t<\/div>\n\t\t<\/div>\n\t\t\t\t<div class=\"elementor-column elementor-col-33 elementor-top-column elementor-element elementor-element-0d4173a\" data-id=\"0d4173a\" data-element_type=\"column\">\n\t\t\t<div class=\"elementor-widget-wrap elementor-element-populated\">\n\t\t\t\t\t\t\t\t<div class=\"elementor-element elementor-element-8be9bde elementor-widget elementor-widget-image\" data-id=\"8be9bde\" data-element_type=\"widget\" data-widget_type=\"image.default\">\n\t\t\t\t<div class=\"elementor-widget-container\">\n\t\t\t\t\t\t\t\t\t\t\t\t\t\t\t<img decoding=\"async\" loading=\"lazy\" width=\"770\" height=\"433\" src=\"http:\/\/www.parkourbilbao.com\/wp-content\/uploads\/2019\/04\/WhatsApp-Image-2019-03-28-at-18.04.33-8-1024x576.jpeg\" class=\"elementor-animation-grow attachment-large size-large wp-image-407\" alt=\"\" srcset=\"http:\/\/www.parkourbilbao.com\/wp-content\/uploads\/2019\/04\/WhatsApp-Image-2019-03-28-at-18.04.33-8-1024x576.jpeg 1024w, http:\/\/www.parkourbilbao.com\/wp-content\/uploads\/2019\/04\/WhatsApp-Image-2019-03-28-at-18.04.33-8-300x169.jpeg 300w, http:\/\/www.parkourbilbao.com\/wp-content\/uploads\/2019\/04\/WhatsApp-Image-2019-03-28-at-18.04.33-8-768x432.jpeg 768w, http:\/\/www.parkourbilbao.com\/wp-content\/uploads\/2019\/04\/WhatsApp-Image-2019-03-28-at-18.04.33-8-107x60.jpeg 107w, http:\/\/www.parkourbilbao.com\/wp-content\/uploads\/2019\/04\/WhatsApp-Image-2019-03-28-at-18.04.33-8-600x337.jpeg 600w, http:\/\/www.parkourbilbao.com\/wp-content\/uploads\/2019\/04\/WhatsApp-Image-2019-03-28-at-18.04.33-8.jpeg 1419w\" sizes=\"(max-width: 770px) 100vw, 770px\" \/>\t\t\t\t\t\t\t\t\t\t\t\t\t\t\t<\/div>\n\t\t\t\t<\/div>\n\t\t\t\t<div class=\"elementor-element elementor-element-7ab0245 elementor-widget elementor-widget-text-editor\" data-id=\"7ab0245\" data-element_type=\"widget\" data-widget_type=\"text-editor.default\">\n\t\t\t\t<div class=\"elementor-widget-container\">\n\t\t\t\t\t\t\t\t\t\t\t\t\t<\/div>\n\t\t\t\t<\/div>\n\t\t\t\t\t<\/div>\n\t\t<\/div>\n\t\t\t\t<div class=\"elementor-column elementor-col-33 elementor-top-column elementor-element elementor-element-e59ba40\" data-id=\"e59ba40\" data-element_type=\"column\">\n\t\t\t<div class=\"elementor-widget-wrap elementor-element-populated\">\n\t\t\t\t\t\t\t\t<div class=\"elementor-element elementor-element-626c721 elementor-widget elementor-widget-text-editor\" data-id=\"626c721\" data-element_type=\"widget\" data-widget_type=\"text-editor.default\">\n\t\t\t\t<div class=\"elementor-widget-container\">\n\t\t\t\t\t\t\t\t\t\t\t\t\t<\/div>\n\t\t\t\t<\/div>\n\t\t\t\t<div class=\"elementor-element elementor-element-a8882f3 elementor-widget elementor-widget-image\" data-id=\"a8882f3\" data-element_type=\"widget\" data-widget_type=\"image.default\">\n\t\t\t\t<div class=\"elementor-widget-container\">\n\t\t\t\t\t\t\t\t\t\t\t\t\t\t\t<img decoding=\"async\" loading=\"lazy\" width=\"770\" height=\"770\" src=\"http:\/\/www.parkourbilbao.com\/wp-content\/uploads\/2019\/04\/WhatsApp-Image-2019-03-28-at-18.04.33-2-1024x1024.jpeg\" class=\"elementor-animation-grow attachment-large size-large wp-image-413\" alt=\"\" srcset=\"http:\/\/www.parkourbilbao.com\/wp-content\/uploads\/2019\/04\/WhatsApp-Image-2019-03-28-at-18.04.33-2-1024x1024.jpeg 1024w, http:\/\/www.parkourbilbao.com\/wp-content\/uploads\/2019\/04\/WhatsApp-Image-2019-03-28-at-18.04.33-2-150x150.jpeg 150w, http:\/\/www.parkourbilbao.com\/wp-content\/uploads\/2019\/04\/WhatsApp-Image-2019-03-28-at-18.04.33-2-300x300.jpeg 300w, http:\/\/www.parkourbilbao.com\/wp-content\/uploads\/2019\/04\/WhatsApp-Image-2019-03-28-at-18.04.33-2-768x768.jpeg 768w, http:\/\/www.parkourbilbao.com\/wp-content\/uploads\/2019\/04\/WhatsApp-Image-2019-03-28-at-18.04.33-2-370x370.jpeg 370w, http:\/\/www.parkourbilbao.com\/wp-content\/uploads\/2019\/04\/WhatsApp-Image-2019-03-28-at-18.04.33-2-60x60.jpeg 60w, http:\/\/www.parkourbilbao.com\/wp-content\/uploads\/2019\/04\/WhatsApp-Image-2019-03-28-at-18.04.33-2-600x600.jpeg 600w, http:\/\/www.parkourbilbao.com\/wp-content\/uploads\/2019\/04\/WhatsApp-Image-2019-03-28-at-18.04.33-2-100x100.jpeg 100w, http:\/\/www.parkourbilbao.com\/wp-content\/uploads\/2019\/04\/WhatsApp-Image-2019-03-28-at-18.04.33-2.jpeg 1599w\" sizes=\"(max-width: 770px) 100vw, 770px\" \/>\t\t\t\t\t\t\t\t\t\t\t\t\t\t\t<\/div>\n\t\t\t\t<\/div>\n\t\t\t\t\t<\/div>\n\t\t<\/div>\n\t\t\t\t\t\t\t<\/div>\n\t\t<\/section>\n\t\t\t\t<section class=\"elementor-section elementor-top-section elementor-element elementor-element-41a5373 elementor-section-boxed elementor-section-height-default elementor-section-height-default\" data-id=\"41a5373\" data-element_type=\"section\">\n\t\t\t\t\t\t<div class=\"elementor-container elementor-column-gap-default\">\n\t\t\t\t\t<div class=\"elementor-column elementor-col-100 elementor-top-column elementor-element elementor-element-54e2189\" data-id=\"54e2189\" data-element_type=\"column\">\n\t\t\t<div class=\"elementor-widget-wrap elementor-element-populated\">\n\t\t\t\t\t\t\t\t<div class=\"elementor-element elementor-element-e31708b elementor-widget elementor-widget-image\" data-id=\"e31708b\" data-element_type=\"widget\" data-widget_type=\"image.default\">\n\t\t\t\t<div class=\"elementor-widget-container\">\n\t\t\t\t\t\t\t\t\t\t\t\t\t\t\t<img decoding=\"async\" loading=\"lazy\" width=\"768\" height=\"593\" src=\"http:\/\/www.parkourbilbao.com\/wp-content\/uploads\/2019\/04\/WhatsApp-Image-2019-03-28-at-18.04.33-4-768x593.jpeg\" class=\"elementor-animation-grow attachment-medium_large size-medium_large wp-image-411\" alt=\"\" srcset=\"http:\/\/www.parkourbilbao.com\/wp-content\/uploads\/2019\/04\/WhatsApp-Image-2019-03-28-at-18.04.33-4-768x593.jpeg 768w, http:\/\/www.parkourbilbao.com\/wp-content\/uploads\/2019\/04\/WhatsApp-Image-2019-03-28-at-18.04.33-4-300x232.jpeg 300w, http:\/\/www.parkourbilbao.com\/wp-content\/uploads\/2019\/04\/WhatsApp-Image-2019-03-28-at-18.04.33-4-1024x791.jpeg 1024w, http:\/\/www.parkourbilbao.com\/wp-content\/uploads\/2019\/04\/WhatsApp-Image-2019-03-28-at-18.04.33-4-78x60.jpeg 78w, http:\/\/www.parkourbilbao.com\/wp-content\/uploads\/2019\/04\/WhatsApp-Image-2019-03-28-at-18.04.33-4-600x464.jpeg 600w, http:\/\/www.parkourbilbao.com\/wp-content\/uploads\/2019\/04\/WhatsApp-Image-2019-03-28-at-18.04.33-4.jpeg 1600w\" sizes=\"(max-width: 768px) 100vw, 768px\" \/>\t\t\t\t\t\t\t\t\t\t\t\t\t\t\t<\/div>\n\t\t\t\t<\/div>\n\t\t\t\t\t<\/div>\n\t\t<\/div>\n\t\t\t\t\t\t\t<\/div>\n\t\t<\/section>\n\t\t\t\t<section class=\"elementor-section elementor-top-section elementor-element elementor-element-6efe60d elementor-section-boxed elementor-section-height-default elementor-section-height-default\" data-id=\"6efe60d\" data-element_type=\"section\">\n\t\t\t\t\t\t<div class=\"elementor-container elementor-column-gap-default\">\n\t\t\t\t\t<div class=\"elementor-column elementor-col-100 elementor-top-column elementor-element elementor-element-c81be19\" data-id=\"c81be19\" data-element_type=\"column\">\n\t\t\t<div class=\"elementor-widget-wrap\">\n\t\t\t\t\t\t\t\t\t<\/div>\n\t\t<\/div>\n\t\t\t\t\t\t\t<\/div>\n\t\t<\/section>\n\t\t\t\t\t\t\t<\/div>\n\t\t","protected":false},"excerpt":{"rendered":"<p>Actuaci\u00f3n grupal donde practicantes de hasta 10 a\u00f1os de experiencia en Parkour y acrobacias mostrar\u00e1n sus habilidades. La actividad cuenta con un m\u00ednimo de 3 practicantes que realizar\u00e1n un m\u00e1ximo de 2 salidas de 3-4 minutos de duraci\u00f3n (con posibilidad de adaptaci\u00f3n a otras propuestas).<\/p>\n","protected":false},"author":1,"featured_media":0,"parent":0,"menu_order":0,"comment_status":"closed","ping_status":"closed","template":"","meta":{"footnotes":""},"_links":{"self":[{"href":"http:\/\/www.parkourbilbao.com\/index.php?rest_route=\/wp\/v2\/pages\/398"}],"collection":[{"href":"http:\/\/www.parkourbilbao.com\/index.php?rest_route=\/wp\/v2\/pages"}],"about":[{"href":"http:\/\/www.parkourbilbao.com\/index.php?rest_route=\/wp\/v2\/types\/page"}],"author":[{"embeddable":true,"href":"http:\/\/www.parkourbilbao.com\/index.php?rest_route=\/wp\/v2\/users\/1"}],"replies":[{"embeddable":true,"href":"http:\/\/www.parkourbilbao.com\/index.php?rest_route=%2Fwp%2Fv2%2Fcomments&post=398"}],"version-history":[{"count":9,"href":"http:\/\/www.parkourbilbao.com\/index.php?rest_route=\/wp\/v2\/pages\/398\/revisions"}],"predecessor-version":[{"id":467,"href":"http:\/\/www.parkourbilbao.com\/index.php?rest_route=\/wp\/v2\/pages\/398\/revisions\/467"}],"wp:attachment":[{"href":"http:\/\/www.parkourbilbao.com\/index.php?rest_route=%2Fwp%2Fv2%2Fmedia&parent=398"}],"curies":[{"name":"wp","href":"https:\/\/api.w.org\/{rel}","templated":true}]}}